{"id":825,"date":"2024-08-23T12:48:37","date_gmt":"2024-08-23T12:48:37","guid":{"rendered":"https:\/\/propi-ip.com\/nombres-de-dominio"},"modified":"2025-08-04T10:59:45","modified_gmt":"2025-08-04T10:59:45","slug":"nomi-di-dominio","status":"publish","type":"page","link":"https:\/\/propi-ip.com\/it\/nomi-di-dominio","title":{"rendered":"Nomi di dominio"},"content":{"rendered":"<div class=\"wpb-content-wrapper\">[vc_row css=&#8221;.vc_custom_1725014570475{background-image: url(https:\/\/propi-ip.com\/wp-content\/uploads\/2024\/08\/nombresdedominio.jpg?id=386) !important;background-position: center !important;background-repeat: no-repeat !important;background-size: cover !important;}&#8221;][vc_column][vc_column_text css_animation=&#8221;fadeInLeft&#8221; css=&#8221;&#8221;]\n<h1 style=\"text-align: center;\"><span data-text-color=\"success\">NOMI DI DOMINIO<\/span><\/h1>\n[\/vc_column_text][\/vc_column][\/vc_row][vc_row][vc_column][vc_single_image image=&#8221;125&#8243; img_size=&#8221;100 x 100&#8243; alignment=&#8221;center&#8221; css=&#8221;&#8221;][\/vc_column][\/vc_row][vc_row css=&#8221;.vc_custom_1724415354963{padding-right: 10% !important;padding-left: 10% !important;}&#8221;][vc_column][vc_column_text css=&#8221;&#8221;]\n<p style=\"text-align: left;\">I nomi di dominio, o semplicemente: domini, sono una combinazione di lettere, numeri e trattini che identificano un indirizzo di protocollo di Internet [IP &#8211; Internet Protocol] per la comunicazione dei dati.<\/p>\n<p style=\"text-align: left;\">Il dominio &#8216;esempio.com&#8217; identifica l&#8217;IP numerico o DNS 15.197.204.56 [Domain Name Server &#8211; Server dei Nomi di Dominio].<\/p>\n<p style=\"text-align: left;\">Si utilizza il nome di dominio perch\u00e9 \u00e8 pi\u00f9 facile da ricordare rispetto al Protocollo IP.<\/p>\n<p style=\"text-align: left;\">Si utilizza dopo il simbolo @ negli indirizzi email o dopo &#8220;www&#8221; negli indirizzi di pagina web.<\/p>\n<p style=\"text-align: left;\">Negli indirizzi email, si antepone la &#8220;casella&#8221; che si desidera identificare: info@esempio.com.<\/p>\n<p style=\"text-align: left;\">I nomi di dominio si acquisiscono pagando un importo, per un periodo annuale o superiore, rinnovabile automaticamente.<\/p>\n[\/vc_column_text][\/vc_column][\/vc_row][vc_row css=&#8221;.vc_custom_1724766922384{padding-top: 2% !important;padding-bottom: 5% !important;}&#8221;][vc_column width=&#8221;1\/6&#8243;][\/vc_column][vc_column width=&#8221;2\/3&#8243;][vc_single_image image=&#8221;383&#8243; img_size=&#8221;full&#8221; alignment=&#8221;center&#8221; style=&#8221;vc_box_shadow_3d&#8221; css=&#8221;&#8221;][\/vc_column][vc_column width=&#8221;1\/6&#8243;][\/vc_column][\/vc_row][vc_row gap=&#8221;35&#8243; css=&#8221;.vc_custom_1724415209290{padding-top: 5% !important;padding-right: 15% !important;padding-bottom: 5% !important;padding-left: 15% !important;background-color: #f4f4f4 !important;}&#8221;][vc_column][vc_column_text css_animation=&#8221;fadeInLeft&#8221; css=&#8221;&#8221;]\n<h2 style=\"text-align: left;\"><strong><span style=\"text-decoration: underline;\">Domini di primo livello<\/span><\/strong><\/h2>\n<p style=\"text-align: left;\">I nomi di dominio generici o di primo livello [TLD], ad esempio: .com .org .net .int .edu .gov .mil .areo .info .jobs .legal .biz .tech .app .shop .blog .pro .web .beauty, sono gestiti dall&#8217;ICANN [Internet Corporation for Assigned Names and Numbers].<\/p>\n<p style=\"text-align: left;\">L&#8217;ICANN, creato nel 1998, \u00e8 una societ\u00e0 di pubblica utilit\u00e0 senza scopo di lucro con membri di tutto il mondo che si dedicano a garantire un Internet globale, unificato, stabile e sicuro.<\/p>\n<h2 style=\"text-align: left;\"><strong><span style=\"text-decoration: underline;\">Domini geografici<\/span><\/strong><\/h2>\n<p style=\"text-align: left;\">Sono gestiti dalle autorit\u00e0 del Paese.<\/p>\n<p style=\"text-align: left;\">In Spagna, l&#8217;ente pubblico imprenditoriale \u201cRed.es\u201d del governo spagnolo ha l&#8217;autorit\u00e0 di registrare i nomi di dominio Internet con il codice di primo livello corrispondente al paese spagnolo: \u201c.es\u201d.<\/p>\n<p style=\"text-align: left;\">Nomi di dominio regionali, ad esempio: .es .fr .it .uk .cn .us .ru<\/p>\n<h2><span style=\"text-decoration: underline;\"><strong>Domini di terzo livello<\/strong><\/span><\/h2>\n<p>\u00c8 quello che unisce un dominio generico con il dominio specifico di un paese: example.com.es. La desinenza indica che si tratta di un dominio generico, ma specifico per gli utenti della Spagna.[\/vc_column_text][\/vc_column][\/vc_row][vc_row css=&#8221;.vc_custom_1724758993296{padding-top: 5% !important;padding-right: 15% !important;padding-bottom: 5% !important;padding-left: 15% !important;}&#8221;][vc_column][vc_column_text css_animation=&#8221;fadeInRight&#8221; css=&#8221;&#8221;]\n<h2><strong><span style=\"text-decoration: underline;\">Registro delle Imprese<\/span><\/strong><\/h2>\n<p>La \u00ab<strong>Legge sui Servizi della Societ\u00e0 dell\u2019Informazione e sul Commercio Elettronico<\/strong>\u00bb, in vigore da ottobre 2002, ha imposto alle societ\u00e0 che forniscono un servizio tramite la rete l\u2019obbligo di comunicare al Registro delle Imprese presso cui sono iscritte, o ad altro registro pubblico presso il quale abbiano acquisito la personalit\u00e0 giuridica, il nome a dominio o l\u2019indirizzo utilizzato per la loro identificazione su Internet, entro il mese successivo all\u2019ottenimento, alla sostituzione o alla cancellazione dello stesso.<\/p>\n<h2><strong><span style=\"text-decoration: underline;\">Marchi e Nomi a Dominio<\/span><\/strong><\/h2>\n<p>Il titolare di un marchio registrato ha il diritto di impedire che venga utilizzato come nome a dominio da parte di terzi.[\/vc_column_text][\/vc_column][\/vc_row][vc_row css=&#8221;.vc_custom_1724415691183{padding-top: 5% !important;padding-bottom: 5% !important;}&#8221;][vc_column][vc_column_text css_animation=&#8221;fadeInLeft&#8221; css=&#8221;&#8221;]\n<h3 style=\"text-align: center;\"><strong>Proteggi il tuo nome a dominio con tutte le garanzie<\/strong><\/h3>\n[\/vc_column_text][mvc_advanced_button align=&#8221;center&#8221; btn_text=&#8221;CONTATTO&#8221; border_style=&#8221;solid&#8221; border_width=&#8221;1&#8243; btn_clr=&#8221;#ffffff&#8221; btn_bg=&#8221;#194271&#8243; btn_hvrclr=&#8221;#194271&#8243; btn_hvrbg=&#8221;#ffffff&#8221; btn_border=&#8221;#194271&#8243; btn_url=&#8221;url:https%3A%2F%2Fpropi-ip.com%2Fit%2Fcontatto&#8221;][\/vc_column][\/vc_row]\n<\/div>","protected":false},"excerpt":{"rendered":"[vc_row css=&#8221;.vc_custom_1725014570475{background-image: url(https:\/\/propi-ip.com\/wp-content\/uploads\/2024\/08\/nombresdedominio.jpg?id=386) !important;background-position: center !important;background-repeat: no-repeat !important;background-size: cover !important;}&#8221;][vc_column][vc_column_text css_animation=&#8221;fadeInLeft&#8221; css=&#8221;&#8221;] NOMI DI DOMINIO [\/vc_column_text][\/vc_column][\/vc_row][vc_row][vc_column][vc_single_image image=&#8221;125&#8243; img_size=&#8221;100 x 100&#8243; alignment=&#8221;center&#8221; css=&#8221;&#8221;][\/vc_column][\/vc_row][vc_row css=&#8221;.vc_custom_1724415354963{padding-right: 10% !important;padding-left: 10% !important;}&#8221;][vc_column][vc_column_text css=&#8221;&#8221;] I nomi di dominio, o semplicemente: domini, sono una combinazione di lettere, numeri e trattini che identificano un indirizzo di protocollo di Internet [IP &#8211; Internet Protocol] [&#8230;]\n","protected":false},"author":4,"featured_media":0,"parent":0,"menu_order":0,"comment_status":"closed","ping_status":"closed","template":"page-blank.php","meta":{"footnotes":""},"class_list":["post-825","page","type-page","status-publish","hentry"],"yoast_head":"<!-- This site is optimized with the Yoast SEO plugin v25.6 - https:\/\/yoast.com\/wordpress\/plugins\/seo\/ -->\n<title>Nomi di dominio - PROPI<\/title>\n<meta name=\"robots\" content=\"index, follow, max-snippet:-1, max-image-preview:large, max-video-preview:-1\" \/>\n<link rel=\"canonical\" href=\"https:\/\/propi-ip.com\/it\/nomi-di-dominio\" \/>\n<meta property=\"og:locale\" content=\"it_IT\" \/>\n<meta property=\"og:type\" content=\"article\" \/>\n<meta property=\"og:title\" content=\"Nomi di dominio - PROPI\" \/>\n<meta property=\"og:description\" content=\"[vc_row css=&#8221;.vc_custom_1725014570475{background-image: url(https:\/\/propi-ip.com\/wp-content\/uploads\/2024\/08\/nombresdedominio.jpg?id=386) !important;background-position: center !important;background-repeat: no-repeat !important;background-size: cover !important;}&#8221;][vc_column][vc_column_text css_animation=&#8221;fadeInLeft&#8221; css=&#8221;&#8221;] NOMI DI DOMINIO [\/vc_column_text][\/vc_column][\/vc_row][vc_row][vc_column][vc_single_image image=&#8221;125&#8243; img_size=&#8221;100 x 100&#8243; alignment=&#8221;center&#8221; css=&#8221;&#8221;][\/vc_column][\/vc_row][vc_row css=&#8221;.vc_custom_1724415354963{padding-right: 10% !important;padding-left: 10% !important;}&#8221;][vc_column][vc_column_text css=&#8221;&#8221;] I nomi di dominio, o semplicemente: domini, sono una combinazione di lettere, numeri e trattini che identificano un indirizzo di protocollo di Internet [IP &#8211; Internet Protocol] [...]\" \/>\n<meta property=\"og:url\" content=\"https:\/\/propi-ip.com\/it\/nomi-di-dominio\" \/>\n<meta property=\"og:site_name\" content=\"PROPI\" \/>\n<meta property=\"article:modified_time\" content=\"2025-08-04T10:59:45+00:00\" \/>\n<meta name=\"twitter:card\" content=\"summary_large_image\" \/>\n<meta name=\"twitter:label1\" content=\"Tempo di lettura stimato\" \/>\n\t<meta name=\"twitter:data1\" content=\"3 minuti\" \/>\n<script type=\"application\/ld+json\" class=\"yoast-schema-graph\">{\"@context\":\"https:\/\/schema.org\",\"@graph\":[{\"@type\":\"WebPage\",\"@id\":\"https:\/\/propi-ip.com\/it\/nomi-di-dominio\",\"url\":\"https:\/\/propi-ip.com\/it\/nomi-di-dominio\",\"name\":\"Nomi di dominio - PROPI\",\"isPartOf\":{\"@id\":\"https:\/\/propi-ip.com\/it#website\"},\"datePublished\":\"2024-08-23T12:48:37+00:00\",\"dateModified\":\"2025-08-04T10:59:45+00:00\",\"breadcrumb\":{\"@id\":\"https:\/\/propi-ip.com\/it\/nomi-di-dominio#breadcrumb\"},\"inLanguage\":\"it-IT\",\"potentialAction\":[{\"@type\":\"ReadAction\",\"target\":[\"https:\/\/propi-ip.com\/it\/nomi-di-dominio\"]}]},{\"@type\":\"BreadcrumbList\",\"@id\":\"https:\/\/propi-ip.com\/it\/nomi-di-dominio#breadcrumb\",\"itemListElement\":[{\"@type\":\"ListItem\",\"position\":1,\"name\":\"Portada\",\"item\":\"https:\/\/propi-ip.com\/it\"},{\"@type\":\"ListItem\",\"position\":2,\"name\":\"Nomi di dominio\"}]},{\"@type\":\"WebSite\",\"@id\":\"https:\/\/propi-ip.com\/it#website\",\"url\":\"https:\/\/propi-ip.com\/it\",\"name\":\"PROPI\",\"description\":\"\",\"potentialAction\":[{\"@type\":\"SearchAction\",\"target\":{\"@type\":\"EntryPoint\",\"urlTemplate\":\"https:\/\/propi-ip.com\/it?s={search_term_string}\"},\"query-input\":{\"@type\":\"PropertyValueSpecification\",\"valueRequired\":true,\"valueName\":\"search_term_string\"}}],\"inLanguage\":\"it-IT\"}]}<\/script>\n<!-- \/ Yoast SEO plugin. -->","yoast_head_json":{"title":"Nomi di dominio - PROPI","robots":{"index":"index","follow":"follow","max-snippet":"max-snippet:-1","max-image-preview":"max-image-preview:large","max-video-preview":"max-video-preview:-1"},"canonical":"https:\/\/propi-ip.com\/it\/nomi-di-dominio","og_locale":"it_IT","og_type":"article","og_title":"Nomi di dominio - PROPI","og_description":"[vc_row css=&#8221;.vc_custom_1725014570475{background-image: url(https:\/\/propi-ip.com\/wp-content\/uploads\/2024\/08\/nombresdedominio.jpg?id=386) !important;background-position: center !important;background-repeat: no-repeat !important;background-size: cover !important;}&#8221;][vc_column][vc_column_text css_animation=&#8221;fadeInLeft&#8221; css=&#8221;&#8221;] NOMI DI DOMINIO [\/vc_column_text][\/vc_column][\/vc_row][vc_row][vc_column][vc_single_image image=&#8221;125&#8243; img_size=&#8221;100 x 100&#8243; alignment=&#8221;center&#8221; css=&#8221;&#8221;][\/vc_column][\/vc_row][vc_row css=&#8221;.vc_custom_1724415354963{padding-right: 10% !important;padding-left: 10% !important;}&#8221;][vc_column][vc_column_text css=&#8221;&#8221;] I nomi di dominio, o semplicemente: domini, sono una combinazione di lettere, numeri e trattini che identificano un indirizzo di protocollo di Internet [IP &#8211; Internet Protocol] [...]","og_url":"https:\/\/propi-ip.com\/it\/nomi-di-dominio","og_site_name":"PROPI","article_modified_time":"2025-08-04T10:59:45+00:00","twitter_card":"summary_large_image","twitter_misc":{"Tempo di lettura stimato":"3 minuti"},"schema":{"@context":"https:\/\/schema.org","@graph":[{"@type":"WebPage","@id":"https:\/\/propi-ip.com\/it\/nomi-di-dominio","url":"https:\/\/propi-ip.com\/it\/nomi-di-dominio","name":"Nomi di dominio - PROPI","isPartOf":{"@id":"https:\/\/propi-ip.com\/it#website"},"datePublished":"2024-08-23T12:48:37+00:00","dateModified":"2025-08-04T10:59:45+00:00","breadcrumb":{"@id":"https:\/\/propi-ip.com\/it\/nomi-di-dominio#breadcrumb"},"inLanguage":"it-IT","potentialAction":[{"@type":"ReadAction","target":["https:\/\/propi-ip.com\/it\/nomi-di-dominio"]}]},{"@type":"BreadcrumbList","@id":"https:\/\/propi-ip.com\/it\/nomi-di-dominio#breadcrumb","itemListElement":[{"@type":"ListItem","position":1,"name":"Portada","item":"https:\/\/propi-ip.com\/it"},{"@type":"ListItem","position":2,"name":"Nomi di dominio"}]},{"@type":"WebSite","@id":"https:\/\/propi-ip.com\/it#website","url":"https:\/\/propi-ip.com\/it","name":"PROPI","description":"","potentialAction":[{"@type":"SearchAction","target":{"@type":"EntryPoint","urlTemplate":"https:\/\/propi-ip.com\/it?s={search_term_string}"},"query-input":{"@type":"PropertyValueSpecification","valueRequired":true,"valueName":"search_term_string"}}],"inLanguage":"it-IT"}]}},"_links":{"self":[{"href":"https:\/\/propi-ip.com\/it\/wp-json\/wp\/v2\/pages\/825","targetHints":{"allow":["GET"]}}],"collection":[{"href":"https:\/\/propi-ip.com\/it\/wp-json\/wp\/v2\/pages"}],"about":[{"href":"https:\/\/propi-ip.com\/it\/wp-json\/wp\/v2\/types\/page"}],"author":[{"embeddable":true,"href":"https:\/\/propi-ip.com\/it\/wp-json\/wp\/v2\/users\/4"}],"replies":[{"embeddable":true,"href":"https:\/\/propi-ip.com\/it\/wp-json\/wp\/v2\/comments?post=825"}],"version-history":[{"count":8,"href":"https:\/\/propi-ip.com\/it\/wp-json\/wp\/v2\/pages\/825\/revisions"}],"predecessor-version":[{"id":1031,"href":"https:\/\/propi-ip.com\/it\/wp-json\/wp\/v2\/pages\/825\/revisions\/1031"}],"wp:attachment":[{"href":"https:\/\/propi-ip.com\/it\/wp-json\/wp\/v2\/media?parent=825"}],"curies":[{"name":"wp","href":"https:\/\/api.w.org\/{rel}","templated":true}]}}