{"id":813,"date":"2024-08-23T12:47:29","date_gmt":"2024-08-23T12:47:29","guid":{"rendered":"https:\/\/propi-ip.com\/diseno-industrial"},"modified":"2025-08-04T11:01:44","modified_gmt":"2025-08-04T11:01:44","slug":"design-industriale","status":"publish","type":"page","link":"https:\/\/propi-ip.com\/it\/design-industriale","title":{"rendered":"Design industriale"},"content":{"rendered":"<div class=\"wpb-content-wrapper\">[vc_row css=&#8221;.vc_custom_1724754091199{background-image: url(https:\/\/propi-ip.com\/wp-content\/uploads\/2024\/08\/diseno-industrial-valencia.jpg?id=245) !important;background-position: center !important;background-repeat: no-repeat !important;background-size: cover !important;}&#8221;][vc_column][vc_column_text css_animation=&#8221;fadeInLeft&#8221; css=&#8221;&#8221;]\n<h1 style=\"text-align: center;\"><span data-text-color=\"success\">DESIGN INDUSTRIALE<\/span><\/h1>\n[\/vc_column_text][\/vc_column][\/vc_row][vc_row][vc_column][vc_single_image image=&#8221;124&#8243; img_size=&#8221;100 x 100&#8243; alignment=&#8221;center&#8221; css=&#8221;&#8221;][\/vc_column][vc_column][\/vc_column][\/vc_row][vc_row css=&#8221;.vc_custom_1725450301521{padding-right: 10% !important;padding-left: 10% !important;}&#8221;][vc_column][vc_column_text css=&#8221;&#8221;]\n<p style=\"text-align: left;\">Il design industriale si riferisce alla forma progettata per gli oggetti d&#8217;uso che saranno prodotti in serie.<\/p>\n<p style=\"text-align: left;\">Il design industriale \u00e8 una creazione di forma o estetica, a differenza delle invenzioni che sono una creazione tecnica.<\/p>\n<p style=\"text-align: left;\">Legalmente, il design industriale \u00e8 definito come l&#8217;aspetto dell&#8217;intero prodotto o di una sua parte, derivato dalle sue caratteristiche, in particolare, linee, contorni, colori, forma, texture o materiali del prodotto stesso o della sua decorazione.<\/p>\n<p style=\"text-align: left;\">Il design pu\u00f2 essere ornamentale o funzionale, e sono esclusi quelli le cui caratteristiche sono imposte esclusivamente dalla loro funzione tecnica.<\/p>\n<p style=\"text-align: left;\">Un design originale o particolarmente creativo pu\u00f2 anche costituire un diritto d&#8217;autore protetto come propriet\u00e0 intellettuale indipendente, compatibile e cumulabile con il design industriale.<\/p>\n<p style=\"text-align: left;\">Il supporto materiale su cui \u00e8 incorporato il design pu\u00f2 essere:<\/p>\n<ul>\n<li>Un prodotto: un articolo industriale o artigianale, comprese le parti di un prodotto complesso.<\/li>\n<li>Un prodotto complesso: costituito da componenti sostituibili.<\/li>\n<\/ul>\n<h2 style=\"text-align: left;\"><span style=\"text-decoration: underline;\"><strong>Terminologia<\/strong><\/span><\/h2>\n<p style=\"text-align: left;\">La legge spagnola utilizza il termine &#8216;design industriale&#8217; nella sua regolamentazione, mentre il regolamento dell&#8217;Unione Europea designa il design come &#8216;disegni e modelli comunitari&#8217;.<\/p>\n<p><!--more--><\/p>\n<hr \/>\n[\/vc_column_text][\/vc_column][vc_column][\/vc_column][\/vc_row][vc_row css=&#8221;.vc_custom_1724415407368{padding-bottom: 5% !important;}&#8221;][vc_column width=&#8221;1\/6&#8243;][\/vc_column][vc_column width=&#8221;2\/3&#8243;][vc_single_image image=&#8221;254&#8243; img_size=&#8221;full&#8221; alignment=&#8221;center&#8221; style=&#8221;vc_box_shadow_3d&#8221; css=&#8221;&#8221;][\/vc_column][vc_column width=&#8221;1\/6&#8243;][\/vc_column][\/vc_row][vc_row gap=&#8221;35&#8243; css=&#8221;.vc_custom_1724767748155{padding-top: 5% !important;padding-right: 10% !important;padding-bottom: 5% !important;padding-left: 10% !important;background-color: #f4f4f4 !important;}&#8221;][vc_column][vc_column_text css_animation=&#8221;fadeInLeft&#8221; css=&#8221;&#8221;]\n<h2><span style=\"text-decoration: underline;\"><strong>Requisiti di protezione<\/strong><\/span><\/h2>\n<ul>\n<li><em>Novit\u00e0:<\/em> mondiale. Non esiste alcun altro design identico precedente.<\/li>\n<li><em>Singolarit\u00e0.<\/em> Regola dell&#8217;Impressione Generale: deve produrre un&#8217;impressione generale diversa rispetto a qualsiasi altro design precedente per un utente informato, considerando il <em>Grado di Libert\u00e0 del Designer.<\/em>.<\/li>\n<li><em>Visibilit\u00e0.<\/em> Poich\u00e9 l&#8217;aspetto esterno \u00e8 l&#8217;espressione che definisce il design industriale, si presume che sia percepito visivamente; pertanto, se il design non \u00e8 visibile durante l&#8217;uso normale, non sar\u00e0 protetto.<\/li>\n<\/ul>\n<h2><span style=\"text-decoration: underline;\"><strong>Design non registrato<\/strong><\/span><\/h2>\n<p><span style=\"font-weight: 400;\">Il design non registrato \u00e8 protetto contro le copie per un periodo di tre anni dalla prima divulgazione, senza possibilit\u00e0 di rinnovo; \u00e8 quindi previsto per design con una vita commerciale molto breve.<\/span><\/p>\n<h2><span style=\"text-decoration: underline;\"><strong>Design registrato<\/strong><\/span><\/h2>\n<p>Il diritto di registrare il design appartiene all&#8217;autore o agli autori.<\/p>\n<p>La protezione del design industriale \u00e8 sempre territoriale: Spagna, Unione Europea, o resto dei paesi del mondo.<\/p>\n<p>La domanda di registrazione pu\u00f2 essere presentata entro dodici mesi dalla data di divulgazione. Il periodo di grazia di 12 mesi consente di testare il prodotto sul mercato senza che il design perda novit\u00e0, prima di decidere di registrarlo.<\/p>\n<p>La durata della registrazione \u00e8 di cinque anni dalla data di presentazione e pu\u00f2 essere rinnovata per periodi successivi di cinque anni fino a un massimo di venticinque anni.<\/p>\n<p>La registrazione dei design \u00e8 soggetta ai principi generali di registrazione: <em>(i)<\/em> pubblicit\u00e0, <em>(ii)<\/em>opposizione di terzi, <em>(iii)<\/em> priorit\u00e0 dei design precedenti e <em>(iv)<\/em>trattativa successiva nella trasmissione.<\/p>\n<p>La procedura di registrazione comprende un semplice esame formale e un rapido esame d&#8217;ufficio per verificare che si tratti di un design, in senso legale, e che non sia contrario all&#8217;ordine pubblico o alle buone costumi; senza valutare la novit\u00e0 o il carattere distintivo del design n\u00e9 effettuare ricerche di anteriorit\u00e0.<\/p>\n<p>Nella domanda di registrazione \u00e8 possibile richiedere il rinvio della pubblicazione del design fino a un massimo di trenta mesi o prima, se richiesto dal titolare.<\/p>\n<ul>\n<li>La registrazione del Design Industriale spagnolo \u00e8 gestita presso l&#8217;Ufficio Spagnolo dei Brevetti e Marchi [OEPM], con sede a Madrid.<\/li>\n<li>La registrazione dei Disegni e Modelli comunitari \u00e8 gestita presso l&#8217;Ufficio dell&#8217;Unione Europea per la Propriet\u00e0 Intellettuale [EUIPO], con sede ad Alicante.<\/li>\n<li>La registrazione internazionale dei Disegni e Modelli in qualsiasi altro paese del mondo pu\u00f2 essere richiesta direttamente tramite professionisti locali o attraverso il Sistema dell&#8217;Aia, amministrato dall&#8217;Organizzazione Mondiale della Propriet\u00e0 Intellettuale [OMPI], con sede a Ginevra, per i paesi membri.<\/li>\n<\/ul>\n[\/vc_column_text][\/vc_column][\/vc_row][vc_row css=&#8221;.vc_custom_1724767760532{padding-top: 5% !important;padding-right: 10% !important;padding-bottom: 5% !important;padding-left: 10% !important;}&#8221;][vc_column][vc_column_text css_animation=&#8221;fadeInRight&#8221; css=&#8221;&#8221;]\n<h2><span style=\"text-decoration: underline;\"><strong>Effetti della registrazione<\/strong><\/span><\/h2>\n<p style=\"text-align: left;\">La registrazione del design industrial consente al titolare di vietare l&#8217;uso non autorizzato da parte di terzi e, in particolare:<\/p>\n<ul>\n<li style=\"text-align: left;\">Impedire la fabbricazione, commercializzazione, offerta, importazione o esportazione, l&#8217;uso o lo stoccaggio per tali scopi, del prodotto che incorpora il design.<\/li>\n<\/ul>\n<h2><span style=\"text-decoration: underline;\"><strong>Regime Legale<\/strong><\/span><\/h2>\n<ul>\n<li style=\"text-align: justify;\">Design Industriale spagnolo: Legge 20\/2003, del 7 luglio, di Protezione Giuridica del Design Industriale.<\/li>\n<li style=\"text-align: justify;\">Disegni e Modelli Comunitari: Regolamento (CE) 6\/2002 del Consiglio, del 12 dicembre 2001, sui disegni e modelli comunitari.<\/li>\n<li>Legge Organica 10\/1995, del 23 novembre, del Codice Penale.<\/li>\n<\/ul>\n<h2><span style=\"text-decoration: underline;\"><strong>Risoluzione delle controversie<\/strong><\/span><\/h2>\n<p>Le controversie che possono sorgere nel Design Industriale spagnolo o comunitario possono essere risolte: <em>(i)<\/em> tramite arbitrato, <em>(ii)<\/em>tramite la via amministrativa, o <em>(iii)<\/em> giudizialmente.<\/p>\n<p>a) <em>Di fronte al registro.<\/em><\/p>\n<p>L&#8217;Ufficio Spagnolo dei Brevetti e Marchi \u00e8 competente per conoscere le opposizioni presentate contro la richiesta di design industriale. Esaurita la via amministrativa, \u00e8 competente l&#8217;Audiencia Provincial e il Tribunale Supremo.<\/p>\n<p>L&#8217;Ufficio di Propriet\u00e0 Intellettuale dell&#8217;Unione Europea \u00e8 competente per conoscere le opposizioni presentate contro la richiesta di disegni e modelli comunitari e i procedimenti di nullit\u00e0 e decadenza. In revisione, i casi vengono trasmessi alle Sezioni di Ricorso dell&#8217;EUIPO e, in appello, al Tribunale di Lussemburgo.<\/p>\n<p>b) <em>Di fronte all&#8217;uso non autorizzato.<\/em><\/p>\n<p>Per le questioni di design industriale spagnolo sono competenti: i Giudici Mercantili, l&#8217;Audiencia Provincial e il Tribunale Supremo [Sezione Seconda].<\/p>\n<p>Per le questioni di Disegni e Modelli Comunitari \u00e8 competente: il Tribunale dei Marchi dell&#8217;Unione Europea, con sede ad Alicante, l&#8217;Audiencia Provincial di Alicante [Sezione Ottava] e il Tribunale Supremo [Sezione Seconda].<\/p>\n<p>c) <em>Arbitrato.<\/em><\/p>\n<p>\u00c8 previsto per i casi in cui il titolare non ha diritto alla registrazione; quando \u00e8 incompatibile con un design precedente divulgato successivamente o quando incorpora un marchio o un segno precedentemente protetto.<\/p>\n<p>Il lodo arbitrale definitivo produce effetto di cosa giudicata, come una sentenza giudiziaria definitiva.<\/p>\n<p>d) <em>Difesa penale.<\/em><\/p>\n<p>Il titolare di un modello o disegno industriale registrato pu\u00f2 esercitare le azioni penali pertinenti contro chi fabbrica, importa, possiede, utilizza, offre o immette in commercio oggetti protetti da un design industriale.[\/vc_column_text][\/vc_column][\/vc_row][vc_row css=&#8221;.vc_custom_1724415691183{padding-top: 5% !important;padding-bottom: 5% !important;}&#8221;][vc_column][vc_column_text css_animation=&#8221;fadeInLeft&#8221; css=&#8221;&#8221;]\n<h3 style=\"text-align: center;\"><strong>Proteggi il tuo design con tutte le garanzie.<\/strong><\/h3>\n[\/vc_column_text][mvc_advanced_button align=&#8221;center&#8221; btn_text=&#8221;CONTATTO&#8221; border_style=&#8221;solid&#8221; border_width=&#8221;1&#8243; btn_clr=&#8221;#ffffff&#8221; btn_bg=&#8221;#194271&#8243; btn_hvrclr=&#8221;#194271&#8243; btn_hvrbg=&#8221;#ffffff&#8221; btn_border=&#8221;#194271&#8243; btn_url=&#8221;url:https%3A%2F%2Fpropi-ip.com%2Fit%2Fcontatto&#8221;][\/vc_column][\/vc_row]\n<\/div>","protected":false},"excerpt":{"rendered":"[vc_row css=&#8221;.vc_custom_1724754091199{background-image: url(https:\/\/propi-ip.com\/wp-content\/uploads\/2024\/08\/diseno-industrial-valencia.jpg?id=245) !important;background-position: center !important;background-repeat: no-repeat !important;background-size: cover !important;}&#8221;][vc_column][vc_column_text css_animation=&#8221;fadeInLeft&#8221; css=&#8221;&#8221;] DESIGN INDUSTRIALE [\/vc_column_text][\/vc_column][\/vc_row][vc_row][vc_column][vc_single_image image=&#8221;124&#8243; img_size=&#8221;100 x 100&#8243; alignment=&#8221;center&#8221; css=&#8221;&#8221;][\/vc_column][vc_column][\/vc_column][\/vc_row][vc_row css=&#8221;.vc_custom_1725450301521{padding-right: 10% !important;padding-left: 10% !important;}&#8221;][vc_column][vc_column_text css=&#8221;&#8221;] Il design industriale si riferisce alla forma progettata per gli oggetti d&#8217;uso che saranno prodotti in serie. Il design industriale \u00e8 una creazione di forma o estetica, a [&#8230;]\n","protected":false},"author":4,"featured_media":0,"parent":0,"menu_order":0,"comment_status":"closed","ping_status":"closed","template":"page-blank.php","meta":{"footnotes":""},"class_list":["post-813","page","type-page","status-publish","hentry"],"yoast_head":"<!-- This site is optimized with the Yoast SEO plugin v25.6 - https:\/\/yoast.com\/wordpress\/plugins\/seo\/ -->\n<title>Design industriale - PROPI<\/title>\n<meta name=\"robots\" content=\"index, follow, max-snippet:-1, max-image-preview:large, max-video-preview:-1\" \/>\n<link rel=\"canonical\" href=\"https:\/\/propi-ip.com\/it\/design-industriale\" \/>\n<meta property=\"og:locale\" content=\"it_IT\" \/>\n<meta property=\"og:type\" content=\"article\" \/>\n<meta property=\"og:title\" content=\"Design industriale - PROPI\" \/>\n<meta property=\"og:description\" content=\"[vc_row css=&#8221;.vc_custom_1724754091199{background-image: url(https:\/\/propi-ip.com\/wp-content\/uploads\/2024\/08\/diseno-industrial-valencia.jpg?id=245) !important;background-position: center !important;background-repeat: no-repeat !important;background-size: cover !important;}&#8221;][vc_column][vc_column_text css_animation=&#8221;fadeInLeft&#8221; css=&#8221;&#8221;] DESIGN INDUSTRIALE [\/vc_column_text][\/vc_column][\/vc_row][vc_row][vc_column][vc_single_image image=&#8221;124&#8243; img_size=&#8221;100 x 100&#8243; alignment=&#8221;center&#8221; css=&#8221;&#8221;][\/vc_column][vc_column][\/vc_column][\/vc_row][vc_row css=&#8221;.vc_custom_1725450301521{padding-right: 10% !important;padding-left: 10% !important;}&#8221;][vc_column][vc_column_text css=&#8221;&#8221;] Il design industriale si riferisce alla forma progettata per gli oggetti d&#8217;uso che saranno prodotti in serie. Il design industriale \u00e8 una creazione di forma o estetica, a [...]\" \/>\n<meta property=\"og:url\" content=\"https:\/\/propi-ip.com\/it\/design-industriale\" \/>\n<meta property=\"og:site_name\" content=\"PROPI\" \/>\n<meta property=\"article:modified_time\" content=\"2025-08-04T11:01:44+00:00\" \/>\n<meta name=\"twitter:card\" content=\"summary_large_image\" \/>\n<meta name=\"twitter:label1\" content=\"Tempo di lettura stimato\" \/>\n\t<meta name=\"twitter:data1\" content=\"5 minuti\" \/>\n<script type=\"application\/ld+json\" class=\"yoast-schema-graph\">{\"@context\":\"https:\/\/schema.org\",\"@graph\":[{\"@type\":\"WebPage\",\"@id\":\"https:\/\/propi-ip.com\/it\/design-industriale\",\"url\":\"https:\/\/propi-ip.com\/it\/design-industriale\",\"name\":\"Design industriale - PROPI\",\"isPartOf\":{\"@id\":\"https:\/\/propi-ip.com\/it#website\"},\"datePublished\":\"2024-08-23T12:47:29+00:00\",\"dateModified\":\"2025-08-04T11:01:44+00:00\",\"breadcrumb\":{\"@id\":\"https:\/\/propi-ip.com\/it\/design-industriale#breadcrumb\"},\"inLanguage\":\"it-IT\",\"potentialAction\":[{\"@type\":\"ReadAction\",\"target\":[\"https:\/\/propi-ip.com\/it\/design-industriale\"]}]},{\"@type\":\"BreadcrumbList\",\"@id\":\"https:\/\/propi-ip.com\/it\/design-industriale#breadcrumb\",\"itemListElement\":[{\"@type\":\"ListItem\",\"position\":1,\"name\":\"Portada\",\"item\":\"https:\/\/propi-ip.com\/it\"},{\"@type\":\"ListItem\",\"position\":2,\"name\":\"Design industriale\"}]},{\"@type\":\"WebSite\",\"@id\":\"https:\/\/propi-ip.com\/it#website\",\"url\":\"https:\/\/propi-ip.com\/it\",\"name\":\"PROPI\",\"description\":\"\",\"potentialAction\":[{\"@type\":\"SearchAction\",\"target\":{\"@type\":\"EntryPoint\",\"urlTemplate\":\"https:\/\/propi-ip.com\/it?s={search_term_string}\"},\"query-input\":{\"@type\":\"PropertyValueSpecification\",\"valueRequired\":true,\"valueName\":\"search_term_string\"}}],\"inLanguage\":\"it-IT\"}]}<\/script>\n<!-- \/ Yoast SEO plugin. -->","yoast_head_json":{"title":"Design industriale - PROPI","robots":{"index":"index","follow":"follow","max-snippet":"max-snippet:-1","max-image-preview":"max-image-preview:large","max-video-preview":"max-video-preview:-1"},"canonical":"https:\/\/propi-ip.com\/it\/design-industriale","og_locale":"it_IT","og_type":"article","og_title":"Design industriale - PROPI","og_description":"[vc_row css=&#8221;.vc_custom_1724754091199{background-image: url(https:\/\/propi-ip.com\/wp-content\/uploads\/2024\/08\/diseno-industrial-valencia.jpg?id=245) !important;background-position: center !important;background-repeat: no-repeat !important;background-size: cover !important;}&#8221;][vc_column][vc_column_text css_animation=&#8221;fadeInLeft&#8221; css=&#8221;&#8221;] DESIGN INDUSTRIALE [\/vc_column_text][\/vc_column][\/vc_row][vc_row][vc_column][vc_single_image image=&#8221;124&#8243; img_size=&#8221;100 x 100&#8243; alignment=&#8221;center&#8221; css=&#8221;&#8221;][\/vc_column][vc_column][\/vc_column][\/vc_row][vc_row css=&#8221;.vc_custom_1725450301521{padding-right: 10% !important;padding-left: 10% !important;}&#8221;][vc_column][vc_column_text css=&#8221;&#8221;] Il design industriale si riferisce alla forma progettata per gli oggetti d&#8217;uso che saranno prodotti in serie. Il design industriale \u00e8 una creazione di forma o estetica, a [...]","og_url":"https:\/\/propi-ip.com\/it\/design-industriale","og_site_name":"PROPI","article_modified_time":"2025-08-04T11:01:44+00:00","twitter_card":"summary_large_image","twitter_misc":{"Tempo di lettura stimato":"5 minuti"},"schema":{"@context":"https:\/\/schema.org","@graph":[{"@type":"WebPage","@id":"https:\/\/propi-ip.com\/it\/design-industriale","url":"https:\/\/propi-ip.com\/it\/design-industriale","name":"Design industriale - PROPI","isPartOf":{"@id":"https:\/\/propi-ip.com\/it#website"},"datePublished":"2024-08-23T12:47:29+00:00","dateModified":"2025-08-04T11:01:44+00:00","breadcrumb":{"@id":"https:\/\/propi-ip.com\/it\/design-industriale#breadcrumb"},"inLanguage":"it-IT","potentialAction":[{"@type":"ReadAction","target":["https:\/\/propi-ip.com\/it\/design-industriale"]}]},{"@type":"BreadcrumbList","@id":"https:\/\/propi-ip.com\/it\/design-industriale#breadcrumb","itemListElement":[{"@type":"ListItem","position":1,"name":"Portada","item":"https:\/\/propi-ip.com\/it"},{"@type":"ListItem","position":2,"name":"Design industriale"}]},{"@type":"WebSite","@id":"https:\/\/propi-ip.com\/it#website","url":"https:\/\/propi-ip.com\/it","name":"PROPI","description":"","potentialAction":[{"@type":"SearchAction","target":{"@type":"EntryPoint","urlTemplate":"https:\/\/propi-ip.com\/it?s={search_term_string}"},"query-input":{"@type":"PropertyValueSpecification","valueRequired":true,"valueName":"search_term_string"}}],"inLanguage":"it-IT"}]}},"_links":{"self":[{"href":"https:\/\/propi-ip.com\/it\/wp-json\/wp\/v2\/pages\/813","targetHints":{"allow":["GET"]}}],"collection":[{"href":"https:\/\/propi-ip.com\/it\/wp-json\/wp\/v2\/pages"}],"about":[{"href":"https:\/\/propi-ip.com\/it\/wp-json\/wp\/v2\/types\/page"}],"author":[{"embeddable":true,"href":"https:\/\/propi-ip.com\/it\/wp-json\/wp\/v2\/users\/4"}],"replies":[{"embeddable":true,"href":"https:\/\/propi-ip.com\/it\/wp-json\/wp\/v2\/comments?post=813"}],"version-history":[{"count":6,"href":"https:\/\/propi-ip.com\/it\/wp-json\/wp\/v2\/pages\/813\/revisions"}],"predecessor-version":[{"id":1033,"href":"https:\/\/propi-ip.com\/it\/wp-json\/wp\/v2\/pages\/813\/revisions\/1033"}],"wp:attachment":[{"href":"https:\/\/propi-ip.com\/it\/wp-json\/wp\/v2\/media?parent=813"}],"curies":[{"name":"wp","href":"https:\/\/api.w.org\/{rel}","templated":true}]}}