{"id":793,"date":"2024-08-23T11:56:21","date_gmt":"2024-08-23T11:56:21","guid":{"rendered":"https:\/\/propi-ip.com\/marcas"},"modified":"2025-08-04T11:03:25","modified_gmt":"2025-08-04T11:03:25","slug":"marchi","status":"publish","type":"page","link":"https:\/\/propi-ip.com\/it\/marchi","title":{"rendered":"Marchi"},"content":{"rendered":"<div class=\"wpb-content-wrapper\">[vc_row css=&#8221;.vc_custom_1725015034487{background-image: url(https:\/\/propi-ip.com\/wp-content\/uploads\/2024\/08\/marcas.jpg?id=393) !important;background-position: center !important;background-repeat: no-repeat !important;background-size: cover !important;}&#8221;][vc_column][vc_column_text css_animation=&#8221;fadeInLeft&#8221; css=&#8221;&#8221;]\n<h1 style=\"text-align: center;\"><span data-text-color=\"success\">MARCHI<\/span><\/h1>\n[\/vc_column_text][\/vc_column][\/vc_row][vc_row][vc_column][vc_single_image image=&#8221;84&#8243; img_size=&#8221;100 x 100&#8243; alignment=&#8221;center&#8221; css=&#8221;&#8221;][\/vc_column][\/vc_row][vc_row css=&#8221;.vc_custom_1724415354963{padding-right: 10% !important;padding-left: 10% !important;}&#8221;][vc_column][vc_column_text css=&#8221;&#8221;]I marchi sono segni distintivi che servono a identificare i prodotti e i servizi di un&#8217;azienda o di un professionista e a differenziarli da altri, permettendo il loro riconoscimento e associazione con una determinata qualit\u00e0, immagine, esperienza, emozioni o valori che si desidera trasmettere, creando un valore intangibile.<\/p>\n<p>Ci\u00f2 che \u00e8 intrinsecamente legato a un marchio \u00e8 la sua capacit\u00e0 di individuare un prodotto o un servizio rispetto ad altri identici o simili presenti sul mercato. Questo requisito \u00e8 chiamato &#8220;forza distintiva&#8221;.<\/p>\n<p>Il diritto sul marchio si acquisisce tramite registrazione e ha una durata di dieci anni, rinnovabile indefinitamente.<\/p>\n<p>Trattandosi di un monopolio che conferisce al titolare un diritto esclusivo e esclusivo del segno nei confronti di terzi, la mancanza di utilizzo effettivo per cinque anni consecutivi consente la dichiarazione di decadenza.<\/p>\n<p>La decadenza del marchio pu\u00f2 essere dichiarata anche quando il suo uso differisce dal contenuto della registrazione.<\/p>\n<p>\u00c8 prevista la nullit\u00e0 assoluta della registrazione quando il marchio \u00e8 stato richiesto in mala fede.<\/p>\n<p>Possono costituire marchi, in particolare: parole, nomi di persone, disegni, simboli, loghi, lettere, uno slogan, cifre, colori e loro combinazioni, disegni, forma del prodotto o del suo imballaggio, suoni o ologrammi.<\/p>\n<p>I diritti d&#8217;autore &#8211; Propriet\u00e0 Intellettuale &#8211; sono compatibili e cumulabili con i diritti sul marchio.<\/p>\n<p>Possono ottenere la registrazione dei marchi persone fisiche o giuridiche [societ\u00e0, cooperative&#8230;] incluse le entit\u00e0 di diritto pubblico [Amministrazione dello Stato, Regionale, Locale&#8230;]. Se la titolarit\u00e0 \u00e8 congiunta tra pi\u00f9 persone, si regolano secondo le norme della comunione di beni.<\/p>\n<p>La trasmissione dell&#8217;azienda nella sua totalit\u00e0 implica la cessione dei marchi, salvo diverso accordo.<\/p>\n<p>Il diritto sul marchio si esaurisce con la prima commercializzazione del prodotto che identifica, effettuata dal titolare o da un terzo autorizzato.<\/p>\n<p>Non sar\u00e0 possibile impedire ai commercianti e ai distributori di usare i propri marchi insieme a quello del prodotto.<\/p>\n<p>Il titolare del marchio non potr\u00e0 impedire ai terzi di usare sul mercato il proprio nome completo e indirizzo, o di utilizzare indicazioni relative alle caratteristiche e all&#8217;origine dei prodotti o servizi confondibili con il suo marchio; o quando l&#8217;uso di quel marchio \u00e8 necessario per indicare la destinazione di un prodotto o servizio, purch\u00e9 tale uso avvenga conformemente alle pratiche leali in materia industriale o commerciale.[\/vc_column_text][\/vc_column][\/vc_row][vc_row css=&#8221;.vc_custom_1724766922384{padding-top: 2% !important;padding-bottom: 5% !important;}&#8221;][vc_column width=&#8221;1\/6&#8243;][\/vc_column][vc_column width=&#8221;2\/3&#8243;][vc_single_image image=&#8221;390&#8243; img_size=&#8221;full&#8221; alignment=&#8221;center&#8221; style=&#8221;vc_box_shadow_3d&#8221; css=&#8221;&#8221;][\/vc_column][vc_column width=&#8221;1\/6&#8243;][\/vc_column][\/vc_row][vc_row gap=&#8221;35&#8243; css=&#8221;.vc_custom_1724415209290{padding-top: 5% !important;padding-right: 15% !important;padding-bottom: 5% !important;padding-left: 15% !important;background-color: #f4f4f4 !important;}&#8221;][vc_column][vc_column_text css_animation=&#8221;fadeInLeft&#8221; css=&#8221;&#8221;]\n<h2><strong><span style=\"text-decoration: underline;\">Regola della specialit\u00e0<\/span><\/strong><\/h2>\n<p>Il limite del diritto sul marchio \u00e8 dato dalla regola della specialit\u00e0.<\/p>\n<p>I prodotti e i servizi ai quali si estende la protezione del marchio sono stati classificati convenzionalmente per accordi internazionali e sono suddivisi in 45 classi: dalla 1\u00aa alla 34\u00aa, Prodotti, e dalla 35\u00aa alla 45\u00aa, Servizi.<\/p>\n<p>Nella domanda di registrazione del marchio devono essere indicate le classi che si desidera proteggere con specificazione dei prodotti o servizi interessati.<\/p>\n<p>Nulla impedisce che due segni identici o simili possano coesistere sul mercato quando distinguono prodotti o servizi perfettamente differenziati.<\/p>\n<h2><strong><span style=\"text-decoration: underline;\">Renome<\/span><\/strong><\/h2>\n<p>I marchi che hanno acquisito un renome godono di una protezione rafforzata rispetto ai marchi semplicemente utilizzati.<\/p>\n<p>Il renome deve essere valutato caso per caso: non si deduce dal registro n\u00e9 deve essere una realt\u00e0 permanente.<\/p>\n<p>Il riconoscimento del renome si basa sul grado di diffusione e conoscenza del marchio e consente l&#8217;estensione della protezione a ulteriori classi aggiuntive o a tutti i tipi di prodotti o servizi, oltre il principio di specialit\u00e0 e senza la necessit\u00e0 di registrazione.<\/p>\n<p>La protezione rafforzata \u00e8 solitamente concessa a prodotti o servizi che hanno complementarit\u00e0 estetica o funzionale con quelli protetti dal marchio rinomato registrato, ma pu\u00f2 estendersi a tutte le classi del Nomenclatore quando \u00e8 conosciuta dal pubblico in generale, ad esempio Google, Tesla, L&#8217;Or\u00e9al o Mastercard.<\/p>\n<h2 style=\"text-align: left;\"><strong><span style=\"text-decoration: underline;\"><br \/>\nTipi di marchi<\/span><\/strong><\/h2>\n<ul>\n<li style=\"text-align: left;\">Il <em>marchio individuale<\/em> appartiene a una persona fisica o giuridica e il titolare stabilisce il regime di utilizzo proprio o da parte di terzi, sotto licenza.<\/li>\n<li style=\"text-align: left;\">Il <em>marchio collettivo<\/em> \u00e8 quel segno che serve a distinguere i prodotti o servizi dei membri di un&#8217;associazione di produttori, fornitori di servizi o commercianti e delle persone giuridiche di diritto pubblico. Gli utenti dei marchi collettivi devono seguire un Regolamento d&#8217;Uso che deve essere depositato insieme alla domanda di registrazione e che specifica, oltre all&#8217;associazione, quali membri sono autorizzati a utilizzare il marchio e in quali condizioni. A differenza dei marchi individuali, i segni geografici dei prodotti o servizi possono essere scelti e concessi come marchi collettivi.<\/li>\n<li style=\"text-align: left;\">I <em>marchi di garanzia<\/em> certificano o garantiscono la prestazione di servizi, materiali, il metodo di fabbricazione dei prodotti, l&#8217;origine geografica, la qualit\u00e0, la precisione e altre caratteristiche dei prodotti e servizi che li distinguono da altri prodotti o servizi privi di tale certificazione. Devono essere accompagnati da un Regolamento d&#8217;Uso nella domanda di registrazione, in cui sono indicati i requisiti di qualit\u00e0 che devono essere rispettati nei prodotti e servizi, nonch\u00e9 le condizioni di utilizzo del segno. Possono richiedere il marchio di garanzia persone fisiche o giuridiche, comprese le istituzioni, le autorit\u00e0 e gli organismi di diritto pubblico, ma solo gli imprenditori autorizzati dal titolare possono utilizzarlo.<\/li>\n<\/ul>\n[\/vc_column_text][\/vc_column][\/vc_row][vc_row css=&#8221;.vc_custom_1724758993296{padding-top: 5% !important;padding-right: 15% !important;padding-bottom: 5% !important;padding-left: 15% !important;}&#8221;][vc_column][vc_column_text css_animation=&#8221;fadeInRight&#8221; css=&#8221;&#8221;]\n<h2><strong><span style=\"text-decoration: underline;\">Registrazione<\/span><\/strong><\/h2>\n<p>La protezione del marchio \u00e8 sempre territoriale: Spagna, Unione Europea o altri paesi del mondo.<\/p>\n<p>La registrazione dei marchi \u00e8 soggetta ai principi registrali generali: <em>(i)<\/em> pubblicit\u00e0, <em>(ii)<\/em> opposizione di terzi, <em>(iii)<\/em> priorit\u00e0 di marchi precedenti e <em>(iv)<\/em> trattazione successiva nella trasmissione.<\/p>\n<ul>\n<li>La registrazione del marchio spagnolo viene gestita presso l&#8217;Ufficio Spagnolo dei Brevetti e Marchi [OEPM], con sede a Madrid.<\/li>\n<li>La registrazione del marchio dell&#8217;Unione Europea viene gestita presso l&#8217;Ufficio dell&#8217;Unione Europea per la Propriet\u00e0 Intellettuale [EUIPO], con sede ad Alicante.<\/li>\n<li>La registrazione dei marchi in qualsiasi altro paese del mondo pu\u00f2 essere richiesta direttamente tramite professionisti locali o tramite il Sistema di Madrid, gestito dall&#8217;Organizzazione Mondiale della Propriet\u00e0 Intellettuale [OMPI], con sede a Ginevra, per i paesi membri dell&#8217;Accordo di Madrid [1891] o del Protocollo di Madrid [1989] per la registrazione internazionale dei marchi.<\/li>\n<\/ul>\n<h2><strong><span style=\"text-decoration: underline;\">Effetti della registrazione<\/span><\/strong><\/h2>\n<p>a registrazione conferisce al titolare, in senso ampio, il diritto di <em>utilizzare<\/em> il marchio in esclusiva nel commercio, sui suoi prodotti o servizi, nella corrispondenza e documentazione commerciale, nella pubblicit\u00e0, di concedere in licenza il suo uso e di cedere il marchio.<\/p>\n<p>Inoltre, pu\u00f2 <em>vietare<\/em> l&#8217;uso non autorizzato del segno da parte di terzi in relazione ai prodotti o servizi protetti e, in particolare:<\/p>\n<ul>\n<li>Utilizzare il segno, identico o simile, per distinguere prodotti o servizi, identici o simili, sui prodotti o sul loro imballaggio.<\/li>\n<li>Offrire [fiere, eventi, cataloghi, social media&#8230;] i prodotti o servizi, commercializzarli o immagazzinarli.<\/li>\n<li>Importare o esportare i prodotti con il segno.<\/li>\n<li>Utilizzare il segno come nome commerciale o denominazione sociale.<\/li>\n<li>Utilizzare il segno nella pubblicit\u00e0 e nella documentazione commerciale.<\/li>\n<li>Utilizzare il segno come nome di dominio o nelle reti di comunicazione.<\/li>\n<li>Utilizzare il segno nella pubblicit\u00e0 comparativa quando viola la Direttiva 2006\/114\/CE.<\/li>\n<\/ul>\n<h2><strong><span style=\"text-decoration: underline;\">Collegamenti<\/span><\/strong><\/h2>\n<ul>\n<li>USBM &#8211; Ufficio Spagnolo delle Brevetti e Marchi: <a href=\"https:\/\/www.oepm.es\/es\/\">www.oepm.es<\/a><\/li>\n<li>EUIPO &#8211; Ufficio dell&#8217;Unione Europea per la Propriet\u00e0 Intellettuale: <a href=\"https:\/\/www.euipo.europa.eu\/es\">www.euipo.eu<\/a><\/li>\n<li>OMPI &#8211; Organizzazione Mondiale della Propriet\u00e0 Intellettuale: <a href=\"https:\/\/www.wipo.int\/portal\/es\/index.html\">www.wipo.int<\/a><\/li>\n<\/ul>\n[\/vc_column_text][\/vc_column][\/vc_row][vc_row gap=&#8221;35&#8243; css=&#8221;.vc_custom_1724415209290{padding-top: 5% !important;padding-right: 15% !important;padding-bottom: 5% !important;padding-left: 15% !important;background-color: #f4f4f4 !important;}&#8221;][vc_column][vc_column_text css_animation=&#8221;fadeInLeft&#8221; css=&#8221;&#8221;]\n<h2><strong><span style=\"text-decoration: underline;\">Regime Legale<\/span><\/strong><\/h2>\n<ul style=\"text-align: left;\">\n<li>Marca spagnola: Legge 17\/2001, del 7 dicembre, sui Marchi.<\/li>\n<li>Marca dell&#8217;Unione Europea: Regolamento (UE) 2017\/1001 del Parlamento Europeo e del Consiglio, del 14 giugno 2017, sui Marchi dell&#8217;Unione Europea.<\/li>\n<li>Legge Organica 10\/1995, del 23 novembre, del Codice Penale.<\/li>\n<\/ul>\n<h2 style=\"text-align: left;\"><span style=\"text-decoration: underline;\"><strong>Risoluzione delle controversie<\/strong><\/span><\/h2>\n<p>Le controversie relative al diritto dei marchi possono essere risolte: <em>(i)<\/em> Mediante arbitrato <em>(ii)<\/em> In via amministrativa, o <em>(iii)<\/em> Per via giudiziaria.<\/p>\n<p>a) <em>In sede di registrazione<\/em><\/p>\n<p>La Oficina Espa\u00f1ola de Patentes y Marcas \u00e8 competente per conoscere le opposizioni presentate contro la richiesta di registrazione di un marchio spagnolo e i procedimenti di nullit\u00e0 e di decadenza del marchio spagnolo. Esaurita la via amministrativa, \u00e8 competente l&#8217;Audiencia Provincial e il Tribunale Supremo.<\/p>\n<p>L&#8217;Ufficio per la Propriet\u00e0 Intellettuale dell&#8217;Unione Europea \u00e8 competente per conoscere le opposizioni presentate contro la richiesta di registrazione di un marchio dell&#8217;Unione Europea e i procedimenti di nullit\u00e0 e di decadenza del marchio dell&#8217;Unione Europea. In fase di revisione, le questioni passano alle Sezioni di Ricorso dell&#8217;EUIPO e, in appello, al Tribunale di Lussemburgo.<\/p>\n<p>b.) <em>In caso di uso non autorizzato<\/em><\/p>\n<p>Per i marchi spagnoli, sono competenti: i Giudici del Commercio, l&#8217;Audiencia Provincial e il Tribunale Supremo [Sezione Seconda].<\/p>\n<p>Per i marchi dell&#8217;Unione Europea, \u00e8 competente: il Tribunale dei Marchi dell&#8217;Unione Europea, con sede ad Alicante, l&#8217;Audiencia Provincial di Alicante [Sezione Ottava] e il Tribunale Supremo [Sezione Seconda].<\/p>\n<p>Il titolare del marchio pu\u00f2 esercitare in via civile: <em>(i)<\/em> l&#8217;azione di cessazione, <em>(ii)<\/em> l&#8217;azione di risarcimento danni, <em>(iii)<\/em> l&#8217;adozione di misure per impedire la continuazione della violazione, <em>(iv)<\/em> lla distruzione o la cessione a fini umanitari dei prodotti contrassegnati illecitamente, <em>(v)<\/em> l&#8217;attribuzione in propriet\u00e0 dei prodotti, materiali e mezzi sequestrati, e <em>(vi)<\/em> la pubblicazione della sentenza.<\/p>\n<p>c) <em>Arbitrato.<\/em><\/p>\n<p>\u00c8 previsto il ricorso all&#8217;arbitrato per gli atti amministrativi riguardanti le proibizioni relative che hanno concluso il procedimento di registrazione.<\/p>\n<p>Il lodo arbitrale definitivo produce gli stessi effetti di una sentenza giudiziaria definitiva.<\/p>\n<p>d) <em>Difesa penale<\/em><\/p>\n<p>Il titolare di un marchio registrato pu\u00f2 esercitare le azioni penali pertinenti contro chi:<\/p>\n<ul>\n<li>Produca, fabbrichi o importi prodotti che incorporano un segno distintivo identico o confondibile con quello registrato.<\/li>\n<li>Offra, distribuisca o commercializzi all&#8217;ingrosso prodotti che incorporano un segno distintivo identico o confondibile con quello registrato, o li conservi con tale finalit\u00e0, quando si tratta di prodotti o servizi identici o simili.<\/li>\n<li>Commercializzi mediante vendita ambulante o occasionale prodotti identificati con il marchio registrato.<\/li>\n<\/ul>\n[\/vc_column_text][\/vc_column][\/vc_row][vc_row css=&#8221;.vc_custom_1724415691183{padding-top: 5% !important;padding-bottom: 5% !important;}&#8221;][vc_column][vc_column_text css_animation=&#8221;fadeInLeft&#8221; css=&#8221;&#8221;]\n<h3 style=\"text-align: center;\"><strong>Proteggi il tuo marchio con tutte le garanzie<\/strong><\/h3>\n[\/vc_column_text][mvc_advanced_button align=&#8221;center&#8221; btn_text=&#8221;CONTATTO&#8221; border_style=&#8221;solid&#8221; border_width=&#8221;1&#8243; btn_clr=&#8221;#ffffff&#8221; btn_bg=&#8221;#194271&#8243; btn_hvrclr=&#8221;#194271&#8243; btn_hvrbg=&#8221;#ffffff&#8221; btn_border=&#8221;#194271&#8243; btn_url=&#8221;url:https%3A%2F%2Fpropi-ip.com%2Fit%2Fcontatto&#8221;][\/vc_column][\/vc_row]\n<\/div>","protected":false},"excerpt":{"rendered":"[vc_row css=&#8221;.vc_custom_1725015034487{background-image: url(https:\/\/propi-ip.com\/wp-content\/uploads\/2024\/08\/marcas.jpg?id=393) !important;background-position: center !important;background-repeat: no-repeat !important;background-size: cover !important;}&#8221;][vc_column][vc_column_text css_animation=&#8221;fadeInLeft&#8221; css=&#8221;&#8221;] MARCHI [\/vc_column_text][\/vc_column][\/vc_row][vc_row][vc_column][vc_single_image image=&#8221;84&#8243; img_size=&#8221;100 x 100&#8243; alignment=&#8221;center&#8221; css=&#8221;&#8221;][\/vc_column][\/vc_row][vc_row css=&#8221;.vc_custom_1724415354963{padding-right: 10% !important;padding-left: 10% !important;}&#8221;][vc_column][vc_column_text css=&#8221;&#8221;]I marchi sono segni distintivi che servono a identificare i prodotti e i servizi di un&#8217;azienda o di un professionista e a differenziarli da altri, permettendo il loro riconoscimento e [&#8230;]\n","protected":false},"author":4,"featured_media":0,"parent":0,"menu_order":0,"comment_status":"closed","ping_status":"closed","template":"page-blank.php","meta":{"footnotes":""},"class_list":["post-793","page","type-page","status-publish","hentry"],"yoast_head":"<!-- This site is optimized with the Yoast SEO plugin v25.6 - https:\/\/yoast.com\/wordpress\/plugins\/seo\/ -->\n<title>Marchi - PROPI<\/title>\n<meta name=\"robots\" content=\"index, follow, max-snippet:-1, max-image-preview:large, max-video-preview:-1\" \/>\n<link rel=\"canonical\" href=\"https:\/\/propi-ip.com\/it\/marchi\" \/>\n<meta property=\"og:locale\" content=\"it_IT\" \/>\n<meta property=\"og:type\" content=\"article\" \/>\n<meta property=\"og:title\" content=\"Marchi - PROPI\" \/>\n<meta property=\"og:description\" content=\"[vc_row css=&#8221;.vc_custom_1725015034487{background-image: url(https:\/\/propi-ip.com\/wp-content\/uploads\/2024\/08\/marcas.jpg?id=393) !important;background-position: center !important;background-repeat: no-repeat !important;background-size: cover !important;}&#8221;][vc_column][vc_column_text css_animation=&#8221;fadeInLeft&#8221; css=&#8221;&#8221;] MARCHI [\/vc_column_text][\/vc_column][\/vc_row][vc_row][vc_column][vc_single_image image=&#8221;84&#8243; img_size=&#8221;100 x 100&#8243; alignment=&#8221;center&#8221; css=&#8221;&#8221;][\/vc_column][\/vc_row][vc_row css=&#8221;.vc_custom_1724415354963{padding-right: 10% !important;padding-left: 10% !important;}&#8221;][vc_column][vc_column_text css=&#8221;&#8221;]I marchi sono segni distintivi che servono a identificare i prodotti e i servizi di un&#8217;azienda o di un professionista e a differenziarli da altri, permettendo il loro riconoscimento e [...]\" \/>\n<meta property=\"og:url\" content=\"https:\/\/propi-ip.com\/it\/marchi\" \/>\n<meta property=\"og:site_name\" content=\"PROPI\" \/>\n<meta property=\"article:modified_time\" content=\"2025-08-04T11:03:25+00:00\" \/>\n<meta name=\"twitter:card\" content=\"summary_large_image\" \/>\n<meta name=\"twitter:label1\" content=\"Tempo di lettura stimato\" \/>\n\t<meta name=\"twitter:data1\" content=\"8 minuti\" \/>\n<script type=\"application\/ld+json\" class=\"yoast-schema-graph\">{\"@context\":\"https:\/\/schema.org\",\"@graph\":[{\"@type\":\"WebPage\",\"@id\":\"https:\/\/propi-ip.com\/it\/marchi\",\"url\":\"https:\/\/propi-ip.com\/it\/marchi\",\"name\":\"Marchi - PROPI\",\"isPartOf\":{\"@id\":\"https:\/\/propi-ip.com\/it#website\"},\"datePublished\":\"2024-08-23T11:56:21+00:00\",\"dateModified\":\"2025-08-04T11:03:25+00:00\",\"breadcrumb\":{\"@id\":\"https:\/\/propi-ip.com\/it\/marchi#breadcrumb\"},\"inLanguage\":\"it-IT\",\"potentialAction\":[{\"@type\":\"ReadAction\",\"target\":[\"https:\/\/propi-ip.com\/it\/marchi\"]}]},{\"@type\":\"BreadcrumbList\",\"@id\":\"https:\/\/propi-ip.com\/it\/marchi#breadcrumb\",\"itemListElement\":[{\"@type\":\"ListItem\",\"position\":1,\"name\":\"Portada\",\"item\":\"https:\/\/propi-ip.com\/it\"},{\"@type\":\"ListItem\",\"position\":2,\"name\":\"Marchi\"}]},{\"@type\":\"WebSite\",\"@id\":\"https:\/\/propi-ip.com\/it#website\",\"url\":\"https:\/\/propi-ip.com\/it\",\"name\":\"PROPI\",\"description\":\"\",\"potentialAction\":[{\"@type\":\"SearchAction\",\"target\":{\"@type\":\"EntryPoint\",\"urlTemplate\":\"https:\/\/propi-ip.com\/it?s={search_term_string}\"},\"query-input\":{\"@type\":\"PropertyValueSpecification\",\"valueRequired\":true,\"valueName\":\"search_term_string\"}}],\"inLanguage\":\"it-IT\"}]}<\/script>\n<!-- \/ Yoast SEO plugin. -->","yoast_head_json":{"title":"Marchi - PROPI","robots":{"index":"index","follow":"follow","max-snippet":"max-snippet:-1","max-image-preview":"max-image-preview:large","max-video-preview":"max-video-preview:-1"},"canonical":"https:\/\/propi-ip.com\/it\/marchi","og_locale":"it_IT","og_type":"article","og_title":"Marchi - PROPI","og_description":"[vc_row css=&#8221;.vc_custom_1725015034487{background-image: url(https:\/\/propi-ip.com\/wp-content\/uploads\/2024\/08\/marcas.jpg?id=393) !important;background-position: center !important;background-repeat: no-repeat !important;background-size: cover !important;}&#8221;][vc_column][vc_column_text css_animation=&#8221;fadeInLeft&#8221; css=&#8221;&#8221;] MARCHI [\/vc_column_text][\/vc_column][\/vc_row][vc_row][vc_column][vc_single_image image=&#8221;84&#8243; img_size=&#8221;100 x 100&#8243; alignment=&#8221;center&#8221; css=&#8221;&#8221;][\/vc_column][\/vc_row][vc_row css=&#8221;.vc_custom_1724415354963{padding-right: 10% !important;padding-left: 10% !important;}&#8221;][vc_column][vc_column_text css=&#8221;&#8221;]I marchi sono segni distintivi che servono a identificare i prodotti e i servizi di un&#8217;azienda o di un professionista e a differenziarli da altri, permettendo il loro riconoscimento e [...]","og_url":"https:\/\/propi-ip.com\/it\/marchi","og_site_name":"PROPI","article_modified_time":"2025-08-04T11:03:25+00:00","twitter_card":"summary_large_image","twitter_misc":{"Tempo di lettura stimato":"8 minuti"},"schema":{"@context":"https:\/\/schema.org","@graph":[{"@type":"WebPage","@id":"https:\/\/propi-ip.com\/it\/marchi","url":"https:\/\/propi-ip.com\/it\/marchi","name":"Marchi - PROPI","isPartOf":{"@id":"https:\/\/propi-ip.com\/it#website"},"datePublished":"2024-08-23T11:56:21+00:00","dateModified":"2025-08-04T11:03:25+00:00","breadcrumb":{"@id":"https:\/\/propi-ip.com\/it\/marchi#breadcrumb"},"inLanguage":"it-IT","potentialAction":[{"@type":"ReadAction","target":["https:\/\/propi-ip.com\/it\/marchi"]}]},{"@type":"BreadcrumbList","@id":"https:\/\/propi-ip.com\/it\/marchi#breadcrumb","itemListElement":[{"@type":"ListItem","position":1,"name":"Portada","item":"https:\/\/propi-ip.com\/it"},{"@type":"ListItem","position":2,"name":"Marchi"}]},{"@type":"WebSite","@id":"https:\/\/propi-ip.com\/it#website","url":"https:\/\/propi-ip.com\/it","name":"PROPI","description":"","potentialAction":[{"@type":"SearchAction","target":{"@type":"EntryPoint","urlTemplate":"https:\/\/propi-ip.com\/it?s={search_term_string}"},"query-input":{"@type":"PropertyValueSpecification","valueRequired":true,"valueName":"search_term_string"}}],"inLanguage":"it-IT"}]}},"_links":{"self":[{"href":"https:\/\/propi-ip.com\/it\/wp-json\/wp\/v2\/pages\/793","targetHints":{"allow":["GET"]}}],"collection":[{"href":"https:\/\/propi-ip.com\/it\/wp-json\/wp\/v2\/pages"}],"about":[{"href":"https:\/\/propi-ip.com\/it\/wp-json\/wp\/v2\/types\/page"}],"author":[{"embeddable":true,"href":"https:\/\/propi-ip.com\/it\/wp-json\/wp\/v2\/users\/4"}],"replies":[{"embeddable":true,"href":"https:\/\/propi-ip.com\/it\/wp-json\/wp\/v2\/comments?post=793"}],"version-history":[{"count":9,"href":"https:\/\/propi-ip.com\/it\/wp-json\/wp\/v2\/pages\/793\/revisions"}],"predecessor-version":[{"id":1034,"href":"https:\/\/propi-ip.com\/it\/wp-json\/wp\/v2\/pages\/793\/revisions\/1034"}],"wp:attachment":[{"href":"https:\/\/propi-ip.com\/it\/wp-json\/wp\/v2\/media?parent=793"}],"curies":[{"name":"wp","href":"https:\/\/api.w.org\/{rel}","templated":true}]}}