{"id":785,"date":"2024-08-23T12:46:30","date_gmt":"2024-08-23T12:46:30","guid":{"rendered":"https:\/\/propi-ip.com\/modelo-de-utilidad"},"modified":"2025-08-04T11:04:20","modified_gmt":"2025-08-04T11:04:20","slug":"modello-di-utilita","status":"publish","type":"page","link":"https:\/\/propi-ip.com\/it\/modello-di-utilita","title":{"rendered":"Modello di utilit\u00e0"},"content":{"rendered":"<div class=\"wpb-content-wrapper\">[vc_row css=&#8221;.vc_custom_1725014310522{background-image: url(https:\/\/propi-ip.com\/wp-content\/uploads\/2024\/08\/modelo-de-utilidad-propi.jpg?id=379) !important;background-position: center !important;background-repeat: no-repeat !important;background-size: cover !important;}&#8221;][vc_column][vc_column_text css_animation=&#8221;fadeInLeft&#8221; css=&#8221;&#8221;]\n<h1 style=\"text-align: center;\"><span data-text-color=\"success\">MODELLO DI UTILIT\u00c0<\/span><\/h1>\n[\/vc_column_text][\/vc_column][\/vc_row][vc_row][vc_column][vc_single_image image=&#8221;81&#8243; img_size=&#8221;100 x 100&#8243; alignment=&#8221;center&#8221; css=&#8221;&#8221;][\/vc_column][\/vc_row][vc_row css=&#8221;.vc_custom_1724415354963{padding-right: 10% !important;padding-left: 10% !important;}&#8221;][vc_column][vc_column_text css=&#8221;&#8221;]\n<p style=\"text-align: left;\">I modelli di utilit\u00e0 sono conosciuti come invenzioni minori e consistono nel dare a un oggetto o a un prodotto una configurazione, struttura o composizione che offra un vantaggio per il suo uso o la sua produzione [utensili, strumenti, attrezzi, apparecchi, dispositivi].<\/p>\n<p style=\"text-align: left;\">Sono esclusi dai modelli di utilit\u00e0: <em>(i)<\/em> tutto ci\u00f2 che non \u00e8 brevettabile, come i procedimenti di clonazione umana o l&#8217;uso di embrioni per fini industriali e commerciali, <em>(ii)<\/em> le invenzioni di procedura e <em>(iii)<\/em> le invenzioni riguardanti materiali biologici e sostanze e composizioni farmaceutiche.<\/p>\n<p style=\"text-align: left;\">Le invenzioni industriali proteggono una regola tecnica, a differenza del design industriale, che \u00e8 una creazione di forma o estetica.<\/p>\n[\/vc_column_text][\/vc_column][\/vc_row][vc_row css=&#8221;.vc_custom_1724766922384{padding-top: 2% !important;padding-bottom: 5% !important;}&#8221;][vc_column width=&#8221;1\/6&#8243;][\/vc_column][vc_column width=&#8221;2\/3&#8243;][vc_single_image image=&#8221;376&#8243; img_size=&#8221;full&#8221; alignment=&#8221;center&#8221; style=&#8221;vc_box_shadow_3d&#8221; css=&#8221;&#8221;][\/vc_column][vc_column width=&#8221;1\/6&#8243;][\/vc_column][\/vc_row][vc_row gap=&#8221;35&#8243; css=&#8221;.vc_custom_1724415209290{padding-top: 5% !important;padding-right: 15% !important;padding-bottom: 5% !important;padding-left: 15% !important;background-color: #f4f4f4 !important;}&#8221;][vc_column][vc_column_text css_animation=&#8221;fadeInLeft&#8221; css=&#8221;&#8221;]\n<h2><strong><span style=\"text-decoration: underline;\">Requisiti<\/span><\/strong><\/h2>\n<ul>\n<li style=\"text-align: left;\">Un&#8217;invenzione \u00e8 <em>nuova<\/em> quando non \u00e8 compresa nello stato della tecnica a livello mondiale.<\/li>\n<li style=\"text-align: left;\">Un&#8217;invenzione implica <em>attivit\u00e0 inventiva<\/em> se non deriva dallo stato della tecnica a livello mondiale in modo molto evidente per un esperto del settore.<\/li>\n<li style=\"text-align: left;\">Un&#8217;invenzione \u00e8 suscettibile di <em>applicazione industriale<\/em> quando il suo oggetto pu\u00f2 essere fabbricato o utilizzato in qualsiasi tipo di industria, inclusa quella agricola.<\/li>\n<\/ul>\n<p style=\"text-align: left;\">L&#8217;ambito della protezione conferita dal modello di utilit\u00e0 \u00e8 determinato dalle<em>rivendicazioni<\/em> indicate nel titolo. La descrizione e i disegni servono per interpretare le rivendicazioni.<\/p>\n<p style=\"text-align: left;\">Il titolare del modello di utilit\u00e0 \u00e8 obbligato a sfruttarlo personalmente o attraverso un terzo autorizzato. In caso contrario, pu\u00f2 essere dichiarata la scadenza della registrazione.<\/p>\n<p style=\"text-align: left;\">I modelli di utilit\u00e0 possono essere oggetto di cessione e di licenza.<\/p>\n[\/vc_column_text][\/vc_column][\/vc_row][vc_row css=&#8221;.vc_custom_1724758993296{padding-top: 5% !important;padding-right: 15% !important;padding-bottom: 5% !important;padding-left: 15% !important;}&#8221;][vc_column][vc_column_text css_animation=&#8221;fadeInRight&#8221; css=&#8221;&#8221;]\n<h2><strong><span style=\"text-decoration: underline;\">Registrazione<\/span><\/strong><\/h2>\n<p>Il diritto di registrare un modello di utilit\u00e0 appartiene all&#8217;inventore o agli inventori.<\/p>\n<p>Un&#8217;azienda pu\u00f2 richiedere la registrazione di un modello di utilit\u00e0, ma deve includere il nome dell&#8217;inventore o degli inventori.<\/p>\n<p>Le invenzioni lavorative sono registrate a nome dell&#8217;azienda.<\/p>\n<p>La protezione del modello di utilit\u00e0 \u00e8 sempre territoriale.<\/p>\n<p>La durata della registrazione dei modelli di utilit\u00e0 \u00e8 di dieci anni, non rinnovabili.<\/p>\n<p>La registrazione del modello di utilit\u00e0 \u00e8 soggetta ai principi generali di registrazione di: <em>(i)<\/em> pubblicit\u00e0, <em>(ii)<\/em> opposizione di terzi, <em>(iii)<\/em> qualificazione e chiusura della registrazione, e <em>(iv)<\/em> trattamento successivo nella trasmissione.<\/p>\n<p>Il procedimento di registrazione comprende un esame meramente formale e non sostanziale della novit\u00e0 e dell&#8217;attivit\u00e0 inventiva.<\/p>\n<p>Tuttavia, prima di avviare un procedimento giudiziario, deve essere redatto il <em>Rapporto sullo Stato della Tecnica,<\/em>che contiene tutta la documentazione necessaria ottenuta da registrazioni precedenti o pubblicazioni tecniche a livello mondiale, per valutare la novit\u00e0 e l&#8217;attivit\u00e0 inventiva dell&#8217;invenzione.<\/p>\n<p>\u00c8 prevista la nullit\u00e0 assoluta della registrazione in determinati casi.<\/p>\n<h2><strong><span style=\"text-decoration: underline;\">Effetti della registrazione<\/span><\/strong><\/h2>\n<p>La registrazione del modello di utilit\u00e0 conferisce al titolare il diritto di impedire l&#8217;uso non autorizzato dell&#8217;invenzione da parte di terzi e, in particolare:<\/p>\n<ul>\n<li>La fabbricazione, l&#8217;offerta, la commercializzazione, l&#8217;utilizzo di un prodotto oggetto del modello di utilit\u00e0 o la sua importazione.<\/li>\n<\/ul>\n<h2><strong><span style=\"text-decoration: underline;\">Regime Legale<\/span><\/strong><\/h2>\n<ul>\n<li>Spagna: Legge 24\/2015, del 24 luglio, sulle Brevetti.<\/li>\n<\/ul>\n[\/vc_column_text][\/vc_column][\/vc_row][vc_row css=&#8221;.vc_custom_1724415691183{padding-top: 5% !important;padding-bottom: 5% !important;}&#8221;][vc_column][vc_column_text css_animation=&#8221;fadeInLeft&#8221; css=&#8221;&#8221;]\n<h3 style=\"text-align: center;\"><strong>Tutela il tuo modello di utilit\u00e0 con tutte le garanzie<\/strong><\/h3>\n[\/vc_column_text][mvc_advanced_button align=&#8221;center&#8221; btn_text=&#8221;CONTATTO&#8221; border_style=&#8221;solid&#8221; border_width=&#8221;1&#8243; btn_clr=&#8221;#ffffff&#8221; btn_bg=&#8221;#194271&#8243; btn_hvrclr=&#8221;#194271&#8243; btn_hvrbg=&#8221;#ffffff&#8221; btn_border=&#8221;#194271&#8243; btn_url=&#8221;url:https%3A%2F%2Fpropi-ip.com%2Fit%2Fcontatto&#8221;][\/vc_column][\/vc_row]\n<\/div>","protected":false},"excerpt":{"rendered":"[vc_row css=&#8221;.vc_custom_1725014310522{background-image: url(https:\/\/propi-ip.com\/wp-content\/uploads\/2024\/08\/modelo-de-utilidad-propi.jpg?id=379) !important;background-position: center !important;background-repeat: no-repeat !important;background-size: cover !important;}&#8221;][vc_column][vc_column_text css_animation=&#8221;fadeInLeft&#8221; css=&#8221;&#8221;] MODELLO DI UTILIT\u00c0 [\/vc_column_text][\/vc_column][\/vc_row][vc_row][vc_column][vc_single_image image=&#8221;81&#8243; img_size=&#8221;100 x 100&#8243; alignment=&#8221;center&#8221; css=&#8221;&#8221;][\/vc_column][\/vc_row][vc_row css=&#8221;.vc_custom_1724415354963{padding-right: 10% !important;padding-left: 10% !important;}&#8221;][vc_column][vc_column_text css=&#8221;&#8221;] I modelli di utilit\u00e0 sono conosciuti come invenzioni minori e consistono nel dare a un oggetto o a un prodotto una configurazione, struttura o composizione che offra [&#8230;]\n","protected":false},"author":4,"featured_media":0,"parent":0,"menu_order":0,"comment_status":"closed","ping_status":"closed","template":"page-blank.php","meta":{"footnotes":""},"class_list":["post-785","page","type-page","status-publish","hentry"],"yoast_head":"<!-- This site is optimized with the Yoast SEO plugin v25.6 - https:\/\/yoast.com\/wordpress\/plugins\/seo\/ -->\n<title>Modello di utilit\u00e0 - PROPI<\/title>\n<meta name=\"robots\" content=\"index, follow, max-snippet:-1, max-image-preview:large, max-video-preview:-1\" \/>\n<link rel=\"canonical\" href=\"https:\/\/propi-ip.com\/it\/modello-di-utilita\" \/>\n<meta property=\"og:locale\" content=\"it_IT\" \/>\n<meta property=\"og:type\" content=\"article\" \/>\n<meta property=\"og:title\" content=\"Modello di utilit\u00e0 - PROPI\" \/>\n<meta property=\"og:description\" content=\"[vc_row css=&#8221;.vc_custom_1725014310522{background-image: url(https:\/\/propi-ip.com\/wp-content\/uploads\/2024\/08\/modelo-de-utilidad-propi.jpg?id=379) !important;background-position: center !important;background-repeat: no-repeat !important;background-size: cover !important;}&#8221;][vc_column][vc_column_text css_animation=&#8221;fadeInLeft&#8221; css=&#8221;&#8221;] MODELLO DI UTILIT\u00c0 [\/vc_column_text][\/vc_column][\/vc_row][vc_row][vc_column][vc_single_image image=&#8221;81&#8243; img_size=&#8221;100 x 100&#8243; alignment=&#8221;center&#8221; css=&#8221;&#8221;][\/vc_column][\/vc_row][vc_row css=&#8221;.vc_custom_1724415354963{padding-right: 10% !important;padding-left: 10% !important;}&#8221;][vc_column][vc_column_text css=&#8221;&#8221;] I modelli di utilit\u00e0 sono conosciuti come invenzioni minori e consistono nel dare a un oggetto o a un prodotto una configurazione, struttura o composizione che offra [...]\" \/>\n<meta property=\"og:url\" content=\"https:\/\/propi-ip.com\/it\/modello-di-utilita\" \/>\n<meta property=\"og:site_name\" content=\"PROPI\" \/>\n<meta property=\"article:modified_time\" content=\"2025-08-04T11:04:20+00:00\" \/>\n<meta name=\"twitter:card\" content=\"summary_large_image\" \/>\n<meta name=\"twitter:label1\" content=\"Tempo di lettura stimato\" \/>\n\t<meta name=\"twitter:data1\" content=\"3 minuti\" \/>\n<script type=\"application\/ld+json\" class=\"yoast-schema-graph\">{\"@context\":\"https:\/\/schema.org\",\"@graph\":[{\"@type\":\"WebPage\",\"@id\":\"https:\/\/propi-ip.com\/it\/modello-di-utilita\",\"url\":\"https:\/\/propi-ip.com\/it\/modello-di-utilita\",\"name\":\"Modello di utilit\u00e0 - PROPI\",\"isPartOf\":{\"@id\":\"https:\/\/propi-ip.com\/it#website\"},\"datePublished\":\"2024-08-23T12:46:30+00:00\",\"dateModified\":\"2025-08-04T11:04:20+00:00\",\"breadcrumb\":{\"@id\":\"https:\/\/propi-ip.com\/it\/modello-di-utilita#breadcrumb\"},\"inLanguage\":\"it-IT\",\"potentialAction\":[{\"@type\":\"ReadAction\",\"target\":[\"https:\/\/propi-ip.com\/it\/modello-di-utilita\"]}]},{\"@type\":\"BreadcrumbList\",\"@id\":\"https:\/\/propi-ip.com\/it\/modello-di-utilita#breadcrumb\",\"itemListElement\":[{\"@type\":\"ListItem\",\"position\":1,\"name\":\"Portada\",\"item\":\"https:\/\/propi-ip.com\/it\"},{\"@type\":\"ListItem\",\"position\":2,\"name\":\"Modello di utilit\u00e0\"}]},{\"@type\":\"WebSite\",\"@id\":\"https:\/\/propi-ip.com\/it#website\",\"url\":\"https:\/\/propi-ip.com\/it\",\"name\":\"PROPI\",\"description\":\"\",\"potentialAction\":[{\"@type\":\"SearchAction\",\"target\":{\"@type\":\"EntryPoint\",\"urlTemplate\":\"https:\/\/propi-ip.com\/it?s={search_term_string}\"},\"query-input\":{\"@type\":\"PropertyValueSpecification\",\"valueRequired\":true,\"valueName\":\"search_term_string\"}}],\"inLanguage\":\"it-IT\"}]}<\/script>\n<!-- \/ Yoast SEO plugin. -->","yoast_head_json":{"title":"Modello di utilit\u00e0 - PROPI","robots":{"index":"index","follow":"follow","max-snippet":"max-snippet:-1","max-image-preview":"max-image-preview:large","max-video-preview":"max-video-preview:-1"},"canonical":"https:\/\/propi-ip.com\/it\/modello-di-utilita","og_locale":"it_IT","og_type":"article","og_title":"Modello di utilit\u00e0 - PROPI","og_description":"[vc_row css=&#8221;.vc_custom_1725014310522{background-image: url(https:\/\/propi-ip.com\/wp-content\/uploads\/2024\/08\/modelo-de-utilidad-propi.jpg?id=379) !important;background-position: center !important;background-repeat: no-repeat !important;background-size: cover !important;}&#8221;][vc_column][vc_column_text css_animation=&#8221;fadeInLeft&#8221; css=&#8221;&#8221;] MODELLO DI UTILIT\u00c0 [\/vc_column_text][\/vc_column][\/vc_row][vc_row][vc_column][vc_single_image image=&#8221;81&#8243; img_size=&#8221;100 x 100&#8243; alignment=&#8221;center&#8221; css=&#8221;&#8221;][\/vc_column][\/vc_row][vc_row css=&#8221;.vc_custom_1724415354963{padding-right: 10% !important;padding-left: 10% !important;}&#8221;][vc_column][vc_column_text css=&#8221;&#8221;] I modelli di utilit\u00e0 sono conosciuti come invenzioni minori e consistono nel dare a un oggetto o a un prodotto una configurazione, struttura o composizione che offra [...]","og_url":"https:\/\/propi-ip.com\/it\/modello-di-utilita","og_site_name":"PROPI","article_modified_time":"2025-08-04T11:04:20+00:00","twitter_card":"summary_large_image","twitter_misc":{"Tempo di lettura stimato":"3 minuti"},"schema":{"@context":"https:\/\/schema.org","@graph":[{"@type":"WebPage","@id":"https:\/\/propi-ip.com\/it\/modello-di-utilita","url":"https:\/\/propi-ip.com\/it\/modello-di-utilita","name":"Modello di utilit\u00e0 - PROPI","isPartOf":{"@id":"https:\/\/propi-ip.com\/it#website"},"datePublished":"2024-08-23T12:46:30+00:00","dateModified":"2025-08-04T11:04:20+00:00","breadcrumb":{"@id":"https:\/\/propi-ip.com\/it\/modello-di-utilita#breadcrumb"},"inLanguage":"it-IT","potentialAction":[{"@type":"ReadAction","target":["https:\/\/propi-ip.com\/it\/modello-di-utilita"]}]},{"@type":"BreadcrumbList","@id":"https:\/\/propi-ip.com\/it\/modello-di-utilita#breadcrumb","itemListElement":[{"@type":"ListItem","position":1,"name":"Portada","item":"https:\/\/propi-ip.com\/it"},{"@type":"ListItem","position":2,"name":"Modello di utilit\u00e0"}]},{"@type":"WebSite","@id":"https:\/\/propi-ip.com\/it#website","url":"https:\/\/propi-ip.com\/it","name":"PROPI","description":"","potentialAction":[{"@type":"SearchAction","target":{"@type":"EntryPoint","urlTemplate":"https:\/\/propi-ip.com\/it?s={search_term_string}"},"query-input":{"@type":"PropertyValueSpecification","valueRequired":true,"valueName":"search_term_string"}}],"inLanguage":"it-IT"}]}},"_links":{"self":[{"href":"https:\/\/propi-ip.com\/it\/wp-json\/wp\/v2\/pages\/785","targetHints":{"allow":["GET"]}}],"collection":[{"href":"https:\/\/propi-ip.com\/it\/wp-json\/wp\/v2\/pages"}],"about":[{"href":"https:\/\/propi-ip.com\/it\/wp-json\/wp\/v2\/types\/page"}],"author":[{"embeddable":true,"href":"https:\/\/propi-ip.com\/it\/wp-json\/wp\/v2\/users\/4"}],"replies":[{"embeddable":true,"href":"https:\/\/propi-ip.com\/it\/wp-json\/wp\/v2\/comments?post=785"}],"version-history":[{"count":10,"href":"https:\/\/propi-ip.com\/it\/wp-json\/wp\/v2\/pages\/785\/revisions"}],"predecessor-version":[{"id":1035,"href":"https:\/\/propi-ip.com\/it\/wp-json\/wp\/v2\/pages\/785\/revisions\/1035"}],"wp:attachment":[{"href":"https:\/\/propi-ip.com\/it\/wp-json\/wp\/v2\/media?parent=785"}],"curies":[{"name":"wp","href":"https:\/\/api.w.org\/{rel}","templated":true}]}}